{"id":2917,"date":"2021-05-18T22:24:36","date_gmt":"2021-05-18T20:24:36","guid":{"rendered":"https:\/\/chronik.berliner-verkehr.de\/?page_id=2917"},"modified":"2022-01-05T21:57:52","modified_gmt":"2022-01-05T20:57:52","slug":"quellen-der-hier-veroeffentlichten-daten-und-termine","status":"publish","type":"page","link":"https:\/\/chronik.berliner-verkehr.de\/?page_id=2917","title":{"rendered":"Quellen der hier ver\u00f6ffentlichten Daten und Termine"},"content":{"rendered":"\n<figure class=\"wp-block-table\"><table><tbody><tr><td><strong>Bilder zur Geschichte der Allgemeinen Berliner Omnibus-Aktien- Gesellschaft<\/strong>, 1928<\/td><\/tr><tr><td><strong>Amtsblatt<\/strong> der K\u00f6niglichen Regierung zu Potsdam und der Stadt Berlin<\/td><\/tr><tr><td><strong>Berliner Omnibusse<\/strong>; Gammrath, Jung, Schmiedeke; alba, D\u00fcsseldorf, 1988, 1999<\/td><\/tr><tr><td><strong>150 Jahre Berliner Omnibus<\/strong>; Akr Geschichte des DVN; Verlag Gesellschaft f\u00fcr Verkehrspolitik und Eisenbahnwesen e.V. (GVE), Berlin, 1997<\/td><\/tr><tr><td><strong>Bahnknoten Berlin<\/strong>, Kuhlmann, Verlag Gesellschaft f\u00fcr Verkehrspolitik und Eisenbahnwesen e.V. (GVE), Berlin, 2006<\/td><\/tr><tr><td>P. Bley, <strong>Berliner S-Bahn<\/strong>, Alba-Verlag, 1980, 1982, 1985, 1989, 1991, 1997, 2003<\/td><\/tr><tr><td>S. Hilkenbach, W. Kramer, C. Jeanmaire, <strong>Berliner Stra\u00dfenbahngeschichte<\/strong>, 1977<\/td><\/tr><tr><td>U. Lemke, U. Poppel; <strong>Berliner U-Bahn<\/strong>; alba, D\u00fcsseldorf, 1985, 1989, 1992, 1996<\/td><\/tr><tr><td>Nach Aufzeichnungen im Privatarchiv P. Bley<\/td><\/tr><tr><td>Nach Aufzeichnungen im Privatarchiv H. Bombe +<\/td><\/tr><tr><td>Berlin und seine Bauten, 1896<\/td><\/tr><tr><td>Berlin und seine Eisenbahnen, 1896<\/td><\/tr><tr><td>BVB = Berliner Verkehrsbl\u00e4tter, u.a. 7\/88 und 2\/93<\/td><\/tr><tr><td>S. Hilkenbach und W. Kramer, Typisch Berlin &#8211; Ein BVG-Portr\u00e4t, 1987<\/td><\/tr><tr><td>50 Jahre BVG, 1979<\/td><\/tr><tr><td>Die Chronik Berlins, Herausgeber B. Harenberg, Dortmund 1986<\/td><\/tr><tr><td>H.D. Reichardt, Daten und Bilder zur Reise nach Berlin, 1987<\/td><\/tr><tr><td>DGEG-Nachrichten, Zeitschrift der deutschen Gesellschaft f\u00fcr Eisen\u00adbahngeschichte e.V.<\/td><\/tr><tr><td>Die Gro\u00dfe Berliner Stra\u00dfenbahn 1871-1902, Denkschrift, 1902<\/td><\/tr><tr><td>Deutsche Stra\u00dfen- und Kleinbahn-Zeitung<\/td><\/tr><tr><td>Die Fahrt, Betriebszeitung der BVG<\/td><\/tr><tr><td>Nach Angaben des F\u00f6rdervereins des Museums f\u00fcr Verkehr und Technik<\/td><\/tr><tr><td>E. Giese, Die Taifverh\u00e4ltnisse und die Wirtschaftlichkeit der Berli\u00adner Verkehrs-Aktiengesellschaft, Berlin, 1931<\/td><\/tr><tr><td>Nach Aufzeichnungen im Privatarchiv K. Groggert<\/td><\/tr><tr><td>Nach Aufzeichnungen im Privatarchiv G. Schulz<\/td><\/tr><tr><td>Hendlmeier, Handbuch der deutschen Stra\u00dfenbahngeschichte, 1981<\/td><\/tr><tr><td>Nach Aufzeichnungen im Privatarchiv H. Jung<\/td><\/tr><tr><td>Uwe Johnson, Berliner Sachen, 1975<\/td><\/tr><tr><td>Koppenhagen, Zur Entwicklung des \u00f6ffentlichen Personennahverkehrs in Gro\u00df-Berlin von 1865 bis 1914, Dissertation, 1961<\/td><\/tr><tr><td>F. Borchert und H.-J. Kirsche, Lokomotiven der Deutschen Reichsbahn, Ost-Berlin, 1986<\/td><\/tr><tr><td>Przychowski, Luftverkehr in Berlin, Brandenburgisches Verlagshaus, 1996<\/td><\/tr><tr><td>Der Modelleisenbahner, Ost-Berlin<\/td><\/tr><tr><td>Schneider, Der St\u00e4dtische Berliner \u00d6ffentliche Nahverkehr, Band 1-12, 1978-1985<\/td><\/tr><tr><td>Statistisches Jahrbuch der Stadt Berlin<\/td><\/tr><tr><td>Nach Aufzeichnungen im Privatarchiv U. Poppel<\/td><\/tr><tr><td>VB = Verkehrsgeschichtliche Bl\u00e4tter , Ost-Berlin<\/td><\/tr><tr><td>VB-Kompress, ausgew\u00e4hlte Beitr\u00e4ge der Verkehrsgeschichtlichen Bl\u00e4tter, Ost-Berlin<\/td><\/tr><tr><td>Schmiedeke, Wagenpark der Berliner S-Bahn, 1982<\/td><\/tr><tr><td>Zeitung des Vereins deutscher Eisenbahnverwaltungen<\/td><\/tr><tr><td>Berlins S-Bahnh\u00f6fe, ein dreiviertel Jahrhundert, Kronthaler, Kramer, be.bra Verlag, 1998<\/td><\/tr><tr><td>Vom Kn\u00fcppeldamm zum Hauptbahnhof, Daten und Fakten zur Berliner Verkehrsgeschichte, Report 30, Berlin, 1987, Autorenkollektiv<\/td><\/tr><tr><td>Berliner S-Bahn. 70 Jahre Hauptwerkstatt Sch\u00f6neweide; Demps, Reinhard; Preu\u00df, Werner; Wegner, Joachim; Verlag Gesellschaft f\u00fcr Verkehrspolitik und Eisenbahnwesen e.V. (GVE), Berlin, 1997<\/td><\/tr><tr><td>Eisenbahndirektion Berlin; Krause, Kuhlmann, Naumann, Prestin; Verlag B. Neddermeyer, Berlin, 2020<\/td><\/tr><tr><td>Die Stra\u00dfenbahn der Berliner Verkehrsbetriebe, BVG-Ost\/BVB, 1949-1991; Hilkenbach, Kramer; transpress, Stuttgart, 1997<\/td><\/tr><tr><td>Berliner U-Bahn-Chronik; Kramer, Lemke, Meyer-Kronthaler, Poppel und weitere; Verlag Gesellschaft f\u00fcr Verkehrspolitik und Eisenbahnwesen e.V. (GVE), Berlin, 2007<\/td><\/tr><tr><td>Berliner Stra\u00dfenbahn-Chronik Band II: Die &#8222;Elektrische&#8220; bei der BVG 1929 bis 2015; Hilkenbach, Kramer; Verlag Gesellschaft f\u00fcr Verkehrspolitik und Eisenbahnwesen e.V. (GVE), Berlin, 2015<\/td><\/tr><tr><td>Vom Probewagen A zur Baureihe J\/JK; Schwuttke, Walter; AG Berliner U-Bahn; Berlin; 2020<\/td><\/tr><\/tbody><\/table><\/figure>\n\n\n\n<p><\/p>\n","protected":false},"excerpt":{"rendered":"<p>Bilder zur Geschichte der Allgemeinen Berliner Omnibus-Aktien- Gesellschaft, 1928 Amtsblatt der K\u00f6niglichen Regierung zu Potsdam und der Stadt Berlin Berliner Omnibusse; Gammrath, Jung, Schmiedeke; alba, D\u00fcsseldorf, 1988, 1999 150 Jahre Berliner Omnibus; Akr Geschichte des DVN; Verlag Gesellschaft f\u00fcr Verkehrspolitik und Eisenbahnwesen e.V. (GVE), Berlin, 1997 Bahnknoten Berlin, Kuhlmann, Verlag Gesellschaft f\u00fcr Verkehrspolitik und Eisenbahnwesen &hellip; <a href=\"https:\/\/chronik.berliner-verkehr.de\/?page_id=2917\" class=\"more-link\"><span class=\"screen-reader-text\">\u201eQuellen der hier ver\u00f6ffentlichten Daten und Termine\u201c <\/span>weiterlesen<\/a><\/p>\n","protected":false},"author":1,"featured_media":0,"parent":0,"menu_order":0,"comment_status":"closed","ping_status":"closed","template":"","meta":{"footnotes":""},"class_list":["post-2917","page","type-page","status-publish","hentry"],"yoast_head":"<!-- This site is optimized with the Yoast SEO plugin v27.4 - https:\/\/yoast.com\/product\/yoast-seo-wordpress\/ -->\n<title>Quellen der hier ver\u00f6ffentlichten Daten und Termine - Chronik Berlin<\/title>\n<meta name=\"robots\" content=\"index, follow, max-snippet:-1, max-image-preview:large, max-video-preview:-1\" \/>\n<link rel=\"canonical\" href=\"https:\/\/chronik.berliner-verkehr.de\/?page_id=2917\" \/>\n<meta property=\"og:locale\" content=\"de_DE\" \/>\n<meta property=\"og:type\" content=\"article\" \/>\n<meta property=\"og:title\" content=\"Quellen der hier ver\u00f6ffentlichten Daten und Termine - Chronik Berlin\" \/>\n<meta property=\"og:description\" content=\"Bilder zur Geschichte der Allgemeinen Berliner Omnibus-Aktien- Gesellschaft, 1928 Amtsblatt der K\u00f6niglichen Regierung zu Potsdam und der Stadt Berlin Berliner Omnibusse; Gammrath, Jung, Schmiedeke; alba, D\u00fcsseldorf, 1988, 1999 150 Jahre Berliner Omnibus; Akr Geschichte des DVN; Verlag Gesellschaft f\u00fcr Verkehrspolitik und Eisenbahnwesen e.V. (GVE), Berlin, 1997 Bahnknoten Berlin, Kuhlmann, Verlag Gesellschaft f\u00fcr Verkehrspolitik und Eisenbahnwesen &hellip; \u201eQuellen der hier ver\u00f6ffentlichten Daten und Termine\u201c weiterlesen\" \/>\n<meta property=\"og:url\" content=\"https:\/\/chronik.berliner-verkehr.de\/?page_id=2917\" \/>\n<meta property=\"og:site_name\" content=\"Chronik Berlin\" \/>\n<meta property=\"article:modified_time\" content=\"2022-01-05T20:57:52+00:00\" \/>\n<meta name=\"twitter:card\" content=\"summary_large_image\" \/>\n<meta name=\"twitter:label1\" content=\"Gesch\u00e4tzte Lesezeit\" \/>\n\t<meta name=\"twitter:data1\" content=\"2\u00a0Minuten\" \/>\n<script type=\"application\/ld+json\" class=\"yoast-schema-graph\">{\"@context\":\"https:\\\/\\\/schema.org\",\"@graph\":[{\"@type\":\"WebPage\",\"@id\":\"https:\\\/\\\/chronik.berliner-verkehr.de\\\/?page_id=2917\",\"url\":\"https:\\\/\\\/chronik.berliner-verkehr.de\\\/?page_id=2917\",\"name\":\"Quellen der hier ver\u00f6ffentlichten Daten und Termine - Chronik Berlin\",\"isPartOf\":{\"@id\":\"https:\\\/\\\/chronik.berliner-verkehr.de\\\/#website\"},\"datePublished\":\"2021-05-18T20:24:36+00:00\",\"dateModified\":\"2022-01-05T20:57:52+00:00\",\"breadcrumb\":{\"@id\":\"https:\\\/\\\/chronik.berliner-verkehr.de\\\/?page_id=2917#breadcrumb\"},\"inLanguage\":\"de\",\"potentialAction\":[{\"@type\":\"ReadAction\",\"target\":[\"https:\\\/\\\/chronik.berliner-verkehr.de\\\/?page_id=2917\"]}]},{\"@type\":\"BreadcrumbList\",\"@id\":\"https:\\\/\\\/chronik.berliner-verkehr.de\\\/?page_id=2917#breadcrumb\",\"itemListElement\":[{\"@type\":\"ListItem\",\"position\":1,\"name\":\"Startseite\",\"item\":\"https:\\\/\\\/chronik.berliner-verkehr.de\\\/\"},{\"@type\":\"ListItem\",\"position\":2,\"name\":\"Quellen der hier ver\u00f6ffentlichten Daten und Termine\"}]},{\"@type\":\"WebSite\",\"@id\":\"https:\\\/\\\/chronik.berliner-verkehr.de\\\/#website\",\"url\":\"https:\\\/\\\/chronik.berliner-verkehr.de\\\/\",\"name\":\"Chronik Berlin\",\"description\":\"Chronik von Berlin:Verkehr\",\"potentialAction\":[{\"@type\":\"SearchAction\",\"target\":{\"@type\":\"EntryPoint\",\"urlTemplate\":\"https:\\\/\\\/chronik.berliner-verkehr.de\\\/?s={search_term_string}\"},\"query-input\":{\"@type\":\"PropertyValueSpecification\",\"valueRequired\":true,\"valueName\":\"search_term_string\"}}],\"inLanguage\":\"de\"}]}<\/script>\n<!-- \/ Yoast SEO plugin. -->","yoast_head_json":{"title":"Quellen der hier ver\u00f6ffentlichten Daten und Termine - Chronik Berlin","robots":{"index":"index","follow":"follow","max-snippet":"max-snippet:-1","max-image-preview":"max-image-preview:large","max-video-preview":"max-video-preview:-1"},"canonical":"https:\/\/chronik.berliner-verkehr.de\/?page_id=2917","og_locale":"de_DE","og_type":"article","og_title":"Quellen der hier ver\u00f6ffentlichten Daten und Termine - Chronik Berlin","og_description":"Bilder zur Geschichte der Allgemeinen Berliner Omnibus-Aktien- Gesellschaft, 1928 Amtsblatt der K\u00f6niglichen Regierung zu Potsdam und der Stadt Berlin Berliner Omnibusse; Gammrath, Jung, Schmiedeke; alba, D\u00fcsseldorf, 1988, 1999 150 Jahre Berliner Omnibus; Akr Geschichte des DVN; Verlag Gesellschaft f\u00fcr Verkehrspolitik und Eisenbahnwesen e.V. (GVE), Berlin, 1997 Bahnknoten Berlin, Kuhlmann, Verlag Gesellschaft f\u00fcr Verkehrspolitik und Eisenbahnwesen &hellip; \u201eQuellen der hier ver\u00f6ffentlichten Daten und Termine\u201c weiterlesen","og_url":"https:\/\/chronik.berliner-verkehr.de\/?page_id=2917","og_site_name":"Chronik Berlin","article_modified_time":"2022-01-05T20:57:52+00:00","twitter_card":"summary_large_image","twitter_misc":{"Gesch\u00e4tzte Lesezeit":"2\u00a0Minuten"},"schema":{"@context":"https:\/\/schema.org","@graph":[{"@type":"WebPage","@id":"https:\/\/chronik.berliner-verkehr.de\/?page_id=2917","url":"https:\/\/chronik.berliner-verkehr.de\/?page_id=2917","name":"Quellen der hier ver\u00f6ffentlichten Daten und Termine - Chronik Berlin","isPartOf":{"@id":"https:\/\/chronik.berliner-verkehr.de\/#website"},"datePublished":"2021-05-18T20:24:36+00:00","dateModified":"2022-01-05T20:57:52+00:00","breadcrumb":{"@id":"https:\/\/chronik.berliner-verkehr.de\/?page_id=2917#breadcrumb"},"inLanguage":"de","potentialAction":[{"@type":"ReadAction","target":["https:\/\/chronik.berliner-verkehr.de\/?page_id=2917"]}]},{"@type":"BreadcrumbList","@id":"https:\/\/chronik.berliner-verkehr.de\/?page_id=2917#breadcrumb","itemListElement":[{"@type":"ListItem","position":1,"name":"Startseite","item":"https:\/\/chronik.berliner-verkehr.de\/"},{"@type":"ListItem","position":2,"name":"Quellen der hier ver\u00f6ffentlichten Daten und Termine"}]},{"@type":"WebSite","@id":"https:\/\/chronik.berliner-verkehr.de\/#website","url":"https:\/\/chronik.berliner-verkehr.de\/","name":"Chronik Berlin","description":"Chronik von Berlin:Verkehr","potentialAction":[{"@type":"SearchAction","target":{"@type":"EntryPoint","urlTemplate":"https:\/\/chronik.berliner-verkehr.de\/?s={search_term_string}"},"query-input":{"@type":"PropertyValueSpecification","valueRequired":true,"valueName":"search_term_string"}}],"inLanguage":"de"}]}},"_links":{"self":[{"href":"https:\/\/chronik.berliner-verkehr.de\/index.php?rest_route=\/wp\/v2\/pages\/2917","targetHints":{"allow":["GET"]}}],"collection":[{"href":"https:\/\/chronik.berliner-verkehr.de\/index.php?rest_route=\/wp\/v2\/pages"}],"about":[{"href":"https:\/\/chronik.berliner-verkehr.de\/index.php?rest_route=\/wp\/v2\/types\/page"}],"author":[{"embeddable":true,"href":"https:\/\/chronik.berliner-verkehr.de\/index.php?rest_route=\/wp\/v2\/users\/1"}],"replies":[{"embeddable":true,"href":"https:\/\/chronik.berliner-verkehr.de\/index.php?rest_route=%2Fwp%2Fv2%2Fcomments&post=2917"}],"version-history":[{"count":11,"href":"https:\/\/chronik.berliner-verkehr.de\/index.php?rest_route=\/wp\/v2\/pages\/2917\/revisions"}],"predecessor-version":[{"id":7176,"href":"https:\/\/chronik.berliner-verkehr.de\/index.php?rest_route=\/wp\/v2\/pages\/2917\/revisions\/7176"}],"wp:attachment":[{"href":"https:\/\/chronik.berliner-verkehr.de\/index.php?rest_route=%2Fwp%2Fv2%2Fmedia&parent=2917"}],"curies":[{"name":"wp","href":"https:\/\/api.w.org\/{rel}","templated":true}]}}